{"id":12,"date":"2013-03-05T14:25:52","date_gmt":"2013-03-05T12:25:52","guid":{"rendered":"http:\/\/um-bruch.net\/hfw\/?page_id=12"},"modified":"2021-05-14T23:53:41","modified_gmt":"2021-05-14T21:53:41","slug":"wanderwege","status":"publish","type":"page","link":"https:\/\/heimatfreunde-welschbillig.de\/?page_id=12","title":{"rendered":"Wandern"},"content":{"rendered":"<p>Im Rahmen des Wanderwegkonzeptes der Verbandsgemeinde Trier-Land wurden insgesamt 5 Rundwanderwege im Gebiet von Welschbillig, einschlie\u00dflich Ortsteile, eingerichtet. Es sind dies die Wege:<\/p>\n<p><span style=\"color: #ff0000;\">Achtung: Wanderweg 10 Ittel ist zuzeit nur bedingt begehbar!<\/span><\/p>\n<ul>\n<li style=\"list-style-type: none;\">\n<ul>\n<li><a href=\"https:\/\/heimatfreunde-welschbillig.de\/?page_id=2158\">9 Hofweiler<\/a><\/li>\n<li><a href=\"https:\/\/heimatfreunde-welschbillig.de\/?page_id=2165\">10 Ittel<\/a><\/li>\n<li><a href=\"https:\/\/heimatfreunde-welschbillig.de\/?page_id=2139\">11 M\u00f6hn-Tr\u00e4g<\/a><\/li>\n<li><a href=\"https:\/\/heimatfreunde-welschbillig.de\/?page_id=2171\">12 Welschbillig-Schilzenburg<\/a><\/li>\n<li><a href=\"https:\/\/heimatfreunde-welschbillig.de\/?page_id=2076\">13 Welschbillig-Spitolsweg<\/a><\/li>\n<\/ul>\n<\/li>\n<\/ul>\n<p>Neben den 5 offiziel ausgeschilderten Wanderwegen m\u00f6chten wir jedoch auch auf Wandertouren aus anderen Quellen sowie auf eigene Tourenaufzeichnungen aufmerksam machen.\u00a0 Siehe hierzu: <a href=\"https:\/\/heimatfreunde-welschbillig.de\/?page_id=2884\">Weitere Wandertouren, Welschbillig und Umgebung.<\/a><br \/>Diese Wanderwege sind teilweise nicht ausgeschildert. Deren Benutzung geschieht auf eigene Gefahr.<\/p>\n<p>Die Rundwanderwege sind durch Verbindungswege miteinander verbunden.<\/p>\n\n\n<figure class=\"wp-block-image\"><img loading=\"lazy\" width=\"888\" height=\"780\" src=\"https:\/\/heimatfreunde-welschbillig.de\/wp-content\/uploads\/2019\/01\/Gesamtplan-Wanderwege-Welschbillig.png\" alt=\"Gesamtplan-Wanderwege-Welschbillig\" class=\"wp-image-2251\" srcset=\"https:\/\/heimatfreunde-welschbillig.de\/wp-content\/uploads\/2019\/01\/Gesamtplan-Wanderwege-Welschbillig.png 888w, https:\/\/heimatfreunde-welschbillig.de\/wp-content\/uploads\/2019\/01\/Gesamtplan-Wanderwege-Welschbillig-300x264.png 300w, https:\/\/heimatfreunde-welschbillig.de\/wp-content\/uploads\/2019\/01\/Gesamtplan-Wanderwege-Welschbillig-768x675.png 768w\" sizes=\"(max-width: 888px) 100vw, 888px\" \/><\/figure>\n\n\n\n<figure class=\"wp-block-image\"><img loading=\"lazy\" width=\"831\" height=\"54\" src=\"https:\/\/heimatfreunde-welschbillig.de\/wp-content\/uploads\/2019\/01\/copyright.png\" alt=\"\" class=\"wp-image-2253\" srcset=\"https:\/\/heimatfreunde-welschbillig.de\/wp-content\/uploads\/2019\/01\/copyright.png 831w, https:\/\/heimatfreunde-welschbillig.de\/wp-content\/uploads\/2019\/01\/copyright-300x19.png 300w, https:\/\/heimatfreunde-welschbillig.de\/wp-content\/uploads\/2019\/01\/copyright-768x50.png 768w\" sizes=\"(max-width: 831px) 100vw, 831px\" \/><\/figure>\n\n\n\n<p>Die Wanderwege selbst sind durch Schilder mit einem  gr\u00fcnen Baumsymbol und der eingetragenen Wegnummer gekennzeichnet, wie nachfolgend z. B. der Wanderweg 13. <\/p>\n\n\n\n<figure class=\"wp-block-image is-resized\"><img loading=\"lazy\" src=\"https:\/\/heimatfreunde-welschbillig.de\/wp-content\/uploads\/2018\/12\/Wanderweg-13.jpg\" alt=\"Wanderweg 13\" class=\"wp-image-2183\" width=\"106\" height=\"108\"\/><\/figure>\n\n\n\n<p>Am Anfang einer jeden Wegbeschreibung steht ein zoombarer Kartenausschnitt der jeweiligen Wanderung. Durch das Zoomen kann man sich Details der Strecke genauer ansehen und auch die Umgebung n\u00e4her betrachten. <\/p>\n\n\n\n<p>Neben GPX-Dateien zur Nutzung auf entsprechenden Handy-Apps oder speziellen Navigationsger\u00e4ten stehen auch PDF-Dateien mit weiteren Informationen zum Download und Ausdruck zur Verf\u00fcgung. <\/p>\n\n\n\n<p><strong>OsmAnd<\/strong><br>Wer auf seinem Smartphone die GPX Datei ansehen will ben\u00f6tigt dazu eine Kartensoftware. Als Anwendung auf dem Smartphone mit dem System Android habe ich mir dazu die App &#8222;<a href=\"http:\/\/www.osmand.de\/\">OsmAnd<\/a>&#8220; installiert. Sie verwendet das freie Kartenmaterial von OSM (<a href=\"https:\/\/www.openstreetmap.de\/\">Open Street Map<\/a>). OsmAnd gibt es sowohl in einer kostenfreien als auch in einer kostenpflichtigen Version. F\u00fcr den Anfang gn\u00fcgt sicher die kostenfreie Version. N\u00e4here Anleitungen zu diesem Produkt kann man sich bei <a href=\"http:\/\/www.smartphone-tipp.de\/apps\/anleitung-osmand\/\">&#8222;Rudis Smartphonetipps&#8220;<\/a> ansehen.<\/p>\n\n\n\n<p><strong>Komoot<\/strong><br>Eine andere sehr bekannte und leicht bedienbare Software hei\u00dft <a href=\"https:\/\/www.komoot.de\/\">Komoot<\/a>. Auch diese ist in der Grundversion kostenfrei, jedoch ist zum Herunterladen von Dateien eine Anmeldung erforderlich. <br>Meine bisherigen Erfahrungen mit Komoot: Nach Installation der Software auf dem Handy kann man kostenlos die bei Komoot gespeicherten Wanderwege einer Region ansehen.  Hier habe ich  die Region &#8222;Trier-Saarburg&#8220; ausgew\u00e4hlt. Weitere Regionen sind kostenpflichtig. Die in Komoot zur Verf\u00fcgung stehenden Wanderrouten wurden offensichtlich von Komoot-Usern hochgeladen und weisen in der Regel keine besonders hohe Qualit\u00e4t auf. Teilweise unterscheiden sich die Routen kaum voneinander. Eine Beschreibung der Strecke ist selten vorhanden. Heruntergeladene GPX-Dateien aus dem Netz werden jedoch einwandfrei dargestellt.<\/p>\n","protected":false},"excerpt":{"rendered":"<p>Im Rahmen des Wanderwegkonzeptes der Verbandsgemeinde Trier-Land wurden insgesamt 5 Rundwanderwege im Gebiet von Welschbillig, einschlie\u00dflich Ortsteile, eingerichtet. Es sind dies die Wege: Achtung: Wanderweg 10 Ittel ist zuzeit nur bedingt begehbar! 9 Hofweiler 10 Ittel 11 M\u00f6hn-Tr\u00e4g 12 Welschbillig-Schilzenburg 13 Welschbillig-Spitolsweg Neben den 5 offiziel ausgeschilderten Wanderwegen m\u00f6chten wir jedoch auch auf Wandertouren aus [&hellip;]<\/p>\n","protected":false},"author":3,"featured_media":0,"parent":0,"menu_order":0,"comment_status":"open","ping_status":"open","template":"","meta":[],"_links":{"self":[{"href":"https:\/\/heimatfreunde-welschbillig.de\/index.php?rest_route=\/wp\/v2\/pages\/12"}],"collection":[{"href":"https:\/\/heimatfreunde-welschbillig.de\/index.php?rest_route=\/wp\/v2\/pages"}],"about":[{"href":"https:\/\/heimatfreunde-welschbillig.de\/index.php?rest_route=\/wp\/v2\/types\/page"}],"author":[{"embeddable":true,"href":"https:\/\/heimatfreunde-welschbillig.de\/index.php?rest_route=\/wp\/v2\/users\/3"}],"replies":[{"embeddable":true,"href":"https:\/\/heimatfreunde-welschbillig.de\/index.php?rest_route=%2Fwp%2Fv2%2Fcomments&post=12"}],"version-history":[{"count":42,"href":"https:\/\/heimatfreunde-welschbillig.de\/index.php?rest_route=\/wp\/v2\/pages\/12\/revisions"}],"predecessor-version":[{"id":3128,"href":"https:\/\/heimatfreunde-welschbillig.de\/index.php?rest_route=\/wp\/v2\/pages\/12\/revisions\/3128"}],"wp:attachment":[{"href":"https:\/\/heimatfreunde-welschbillig.de\/index.php?rest_route=%2Fwp%2Fv2%2Fmedia&parent=12"}],"curies":[{"name":"wp","href":"https:\/\/api.w.org\/{rel}","templated":true}]}}