{"id":1733,"date":"2018-07-08T22:18:40","date_gmt":"2018-07-08T20:18:40","guid":{"rendered":"https:\/\/heimatfreunde-welschbillig.de\/?page_id=1733"},"modified":"2021-02-05T17:14:19","modified_gmt":"2021-02-05T16:14:19","slug":"datenschutz","status":"publish","type":"page","link":"https:\/\/heimatfreunde-welschbillig.de\/?page_id=1733","title":{"rendered":"Datenschutzerkl\u00e4rung"},"content":{"rendered":"<p>Die verantwortliche Stelle f\u00fcr die Datenverarbeitung auf dieser Website ist:<\/p>\n<p><span id=\"s3-t-ansprechpartner\">Rudolf M\u00fcller<\/span><br \/>\n<span id=\"s3-t-strasse\">Zur Steinkaul 23<\/span><br \/>\n<span id=\"s3-t-plz\">54298<\/span> <span id=\"s3-t-ort\">Welschbillig<\/span><\/p>\n<p>E-Mail: MuellerRudolf(at)on22.de<\/p>\n<p><strong>Widerruf Ihrer Einwilligung<\/strong><\/p>\n<p>Nur mit Ihrer ausdr\u00fccklichen Einwilligung sind einige Angebote dieses Internetangebotes m\u00f6glich. Ein Widerruf Ihrer bereits erteilten Einwilligung ist jederzeit m\u00f6glich. F\u00fcr den Widerruf gen\u00fcgt eine formlose Mitteilung per E-Mail.<\/p>\n<p><strong>Recht auf Beschwerde bei der zust\u00e4ndigen Aufsichtsbeh\u00f6rde<\/strong><\/p>\n<p>Als Betroffener steht Ihnen im Falle eines datenschutzrechtlichen Versto\u00dfes ein Beschwerderecht bei der zust\u00e4ndigen Aufsichtsbeh\u00f6rde zu.<br \/>\nDer folgende Link stellt eine Liste der Datenschutzbeauftragten sowie deren Kontaktdaten<br \/>\nbereit: <a href=\"https:\/\/www.bfdi.bund.de\/DE\/Infothek\/Anschriften_Links\/anschriften_links-node.html\" target=\"_blank\" rel=\"noopener\">https:\/\/www.bfdi.bund.de\/DE\/Infothek\/Anschriften_Links\/anschriften_links-node.html<\/a>.<\/p>\n<p><strong>Recht auf Auskunft, Berichtigung, Sperrung, L\u00f6schung<\/strong><\/p>\n<p>Sie haben jederzeit im Rahmen der geltenden gesetzlichen Bestimmungen das Recht auf<br \/>\nunentgeltliche Auskunft \u00fcber Ihre gespeicherten personenbezogenen Daten und ggf. ein Recht auf Berichtigung,<br \/>\nSperrung oder L\u00f6schung dieser Daten. Diesbez\u00fcglich und auch zu weiteren Fragen zum Thema personenbezogene<br \/>\nDaten k\u00f6nnen Sie sich jederzeit \u00fcber die im Impressum aufgef\u00fchrten Kontaktm\u00f6glichkeiten an uns wenden.<\/p>\n<p><strong>SSL- bzw. TLS-Verschl\u00fcsselung<\/strong><\/p>\n<p>Aus Sicherheitsgr\u00fcnden und zum Schutz der \u00dcbertragung vertraulicher Inhalte, die Sie an uns als Seitenbetreiber senden,<br \/>\nnutzt unsere Website eine SSL-bzw. TLS-Verschl\u00fcsselung. Damit sind Daten, die Sie \u00fcber diese Website \u00fcbermitteln,<br \/>\nf\u00fcr Dritte nicht mitlesbar. Sie erkennen eine verschl\u00fcsselte Verbindung an<br \/>\nder \u201ehttps:\/\/\u201c Adresszeile Ihres Browsers und am Schloss-Symbol in der Browserzeile.<\/p>\n<p><strong>Server-Log-Dateien<\/strong><\/p>\n<p>In Server-Log-Dateien erhebt und speichert der Provider der Website automatisch folgende Informationen, welche uns zur Verf\u00fcgung gestellt werden:<\/p>\n<ul>\n<li>Besuchte Seite auf unserer Domain<\/li>\n<li>Datum und Uhrzeit der Serveranfrage<\/li>\n<li>Browsertyp und Browserversion<\/li>\n<li>Verwendetes Betriebssystem<\/li>\n<li>Referrer URL<\/li>\n<li>Hostname des zugreifenden Rechners<\/li>\n<li>IP-Adresse<\/li>\n<\/ul>\n<p>Die IP-Adresse wird jedoch nur teilweise gespeichert. Die letzten beiden Stellen der IP-Adresse werden gek\u00fcrzt, aus IP 11.22.33.44 wird 11.22.0.0<\/p>\n<p>Die vorgenannten Server-Log-Daten werden nach jeweils 60 Tagen komplett gel\u00f6scht. Es findet keine Zusammenf\u00fchrung dieser Daten mit anderen Datenquellen statt.<\/p>\n<p>In den WordPress-Installationen (um-bruch.net, Hoorhof.de, Heimatfreunde-Welschbillig.de) werden k\u00fcnftig in den zugeh\u00f6rigen Datenbanken keine IP-Adressen mehr gespeichert. Vorhandene IP-Adressen werden gel\u00f6scht.<\/p>\n<p>Zu Erkennung und Abwehr von Angriffen speichert der Provider der Website, die Firma All-Inkl.<br \/>\ndie IP-Adressen jedoch vollst\u00e4ndig f\u00fcr die Dauer von sieben Tagen. <a href=\"https:\/\/all-inkl.com\/wichtig\/\" target=\"_blank\" rel=\"noopener\">https:\/\/all-inkl.com\/wichtig\/<\/a><\/p>\n<p><strong>Registrierung auf dieser Website (trifft nur f\u00fcr das Forum und die Wikimediainstallation zu)<\/strong><\/p>\n<p>Zur Nutzung bestimmter Funktionen k\u00f6nnen Sie sich auf unserer Website registrieren. Die \u00fcbermittelten Daten dienen ausschlie\u00dflich zum Zwecke der Nutzung des jeweiligen Angebotes oder Dienstes. Bei der Registrierung abgefragte Pflichtangaben sind vollst\u00e4ndig anzugeben. Andernfalls werden wir die Registrierung ablehnen.<\/p>\n<p>Die Verarbeitung der bei der Registrierung eingegebenen Daten erfolgt auf Grundlage Ihrer Einwilligung (Art. 6 Abs. 1 lit. a DSGVO). Ein Widerruf Ihrer bereits erteilten Einwilligung ist jederzeit m\u00f6glich.<\/p>\n<p>Wir speichern die bei der Registrierung erfassten Daten w\u00e4hrend des Zeitraums, den Sie auf unserer Website registriert sind.<\/p>\n<p><strong>Speicherung von Beitr\u00e4gen und Kommentaren<\/strong><\/p>\n<p>Beitr\u00e4ge und Kommentare sowie damit in Verbindung stehende Daten, wie beispielsweise E-Mail Adressen, werden gespeichert. Der Inhalt verbleibt auf unserer Website, bis er vollst\u00e4ndig gel\u00f6scht wurde oder aus rechtlichen Gr\u00fcnden gel\u00f6scht werden musste.<\/p>\n<p>Die Speicherung der Beitr\u00e4ge und Kommentare erfolgt auf Grundlage Ihrer Einwilligung (Art. 6 Abs. 1 lit. a DSGVO). Ein Widerruf Ihrer bereits erteilten Einwilligung ist jederzeit m\u00f6glich. F\u00fcr den Widerruf gen\u00fcgt eine formlose Mitteilung per E-Mail.<\/p>\n<p><strong>Avatare in WordPress<\/strong><\/p>\n<p>Aus Datenschutzgr\u00fcnden wurde die Anzeige von Avataren deaktiviert. Dies verhindert, dass pers\u00f6nliche Daten an den Dienst &#8222;Gravatar&#8220; gesendet werden.<br \/>\n<!--  Aus Ihrer E-Mail-Adresse wird eine anonymisierte Zeichenfolge erstellt und dem Gravatar-Dienst \u00fcbergeben. Dieser pr\u00fcft, ob sie diesen Dienst nutzen. Die Datenschutzerkl\u00e4rung des Gravatar-Dienstes finden Sie hier: https:\/\/automattic.com\/privacy\/. Nachdem Ihr Kommentar freigegeben wurde, wird Ihr Profilbild \u00f6ffentlich im Kontext Ihres Kommentars sichtbar. --><\/p>\n<p><strong>Cookies<\/strong><\/p>\n<p>Diese Webseite benutzt Cookies, sofern diese f\u00fcr die Funktion der Seite erforderlich sind. Bei Kommentaren kann der Besucher der Seite entscheiden, ob die pers\u00f6nlichen Daten wie Name, E-Mail Adresse und ggf. Webseite auf dem Rechner des Besuchers gespeichert werden sollen. Voreinstellung ist <strong>&#8222;Nicht speichern&#8220;. <\/strong><\/p>\n<p><!--<strong>Abonnieren von Kommentaren<\/strong>\n\nSie k\u00f6nnen als Nutzer unserer Website nach erfolgter Anmeldung Kommentare abonnieren. Mit einer Best\u00e4tigungs-E-Mail pr\u00fcfen wir, ob Sie der Inhaber der angegebenen E-Mail-Adresse sind. Sie k\u00f6nnen die Abo-Funktion f\u00fcr Kommentare jederzeit \u00fcber einen Link,\n\tder sich in einer Abo-Mail befindet, abbestellen. Zur Einrichtung des Abonnements eingegebene Daten werden im Falle der Abmeldung gel\u00f6scht.\n\n--><\/p>\n<p><strong>YouTube<\/strong><\/p>\n<p>F\u00fcr Integration und Darstellung von Videoinhalten nutzt unsere Website Plugins von YouTube. Anbieter des Videoportals ist die YouTube, LLC, 901 Cherry Ave., San Bruno, CA 94066, USA.<\/p>\n<p>Bei Aufruf einer Seite mit integriertem YouTube-Plugin wird eine Verbindung zu den Servern von YouTube hergestellt. YouTube erf\u00e4hrt hierdurch, welche unserer Seiten Sie aufgerufen haben.<\/p>\n<p>YouTube kann Ihr Surfverhalten direkt Ihrem pers\u00f6nlichen Profil zuzuordnen, sollten Sie in Ihrem YouTube Konto eingeloggt sein. Durch vorheriges Ausloggen haben Sie die M\u00f6glichkeit, dies zu unterbinden.<\/p>\n<p>Die Nutzung von YouTube erfolgt im Interesse einer ansprechenden Darstellung unserer Online-Angebote. Dies stellt ein berechtigtes Interesse im Sinne von Art. 6 Abs. 1 lit. f DSGVO dar.<\/p>\n<p>Einzelheiten zum Umgang mit Nutzerdaten finden Sie in der Datenschutzerkl\u00e4rung von YouTube unter: <a href=\"https:\/\/www.google.de\/intl\/de\/policies\/privacy\">https:\/\/www.google.de\/intl\/de\/policies\/privacy<\/a>.<\/p>\n<p><strong>Vimeo<\/strong><\/p>\n<p>F\u00fcr Integration und Darstellung von Videoinhalten nutzt unsere Website Plugins von Vimeo. Anbieter des Videoportals ist die Vimeo Inc., 555 West 18th Street, New York, New York 10011, USA.<\/p>\n<p>Bei Aufruf einer Seite mit integriertem Vimeo-Plugin wird eine Verbindung zu den Servern von Vimeo hergestellt. Vimeo erf\u00e4hrt hierdurch, welche unserer Seiten Sie aufgerufen haben. Vimeo erf\u00e4hrt Ihre IP-Adresse, selbst wenn Sie nicht beim Videoportal<br \/>\neingeloggt sind oder dort kein Konto besitzen. Es erfolgt eine \u00dcbermittlung der von Vimeo erfassten Informationen an Server des Videoportals in den USA.<\/p>\n<p>Vimeo kann Ihr Surfverhalten direkt Ihrem pers\u00f6nlichen Profil zuordnen. Durch vorheriges Ausloggen haben Sie die M\u00f6glichkeit, dies zu unterbinden.<\/p>\n<p>Einzelheiten zum Umgang mit Nutzerdaten finden Sie in der Datenschutzerkl\u00e4rung von Vimeo unter: <a href=\"https:\/\/vimeo.com\/privacy\">https:\/\/vimeo.com\/privacy<\/a>.<\/p>\n<p><small>Quelle: Datenschutz-Konfigurator von <a href=\"http:\/\/www.mein-datenschutzbeauftragter.de\" target=\"_blank\" rel=\"noopener\">mein-datenschutzbeauftragter.de<\/a><br \/>\n\u00dcberarbeitet\/erg\u00e4nzt durch den Verantwortlichen f\u00fcr den Datenschutz dieser Webseite<\/small><\/p>\n","protected":false},"excerpt":{"rendered":"<p>Die verantwortliche Stelle f\u00fcr die Datenverarbeitung auf dieser Website ist: Rudolf M\u00fcller Zur Steinkaul 23 54298 Welschbillig E-Mail: MuellerRudolf(at)on22.de Widerruf Ihrer Einwilligung Nur mit Ihrer ausdr\u00fccklichen Einwilligung sind einige Angebote dieses Internetangebotes m\u00f6glich. Ein Widerruf Ihrer bereits erteilten Einwilligung ist jederzeit m\u00f6glich. F\u00fcr den Widerruf gen\u00fcgt eine formlose Mitteilung per E-Mail. Recht auf Beschwerde bei [&hellip;]<\/p>\n","protected":false},"author":2,"featured_media":0,"parent":0,"menu_order":0,"comment_status":"closed","ping_status":"closed","template":"","meta":[],"_links":{"self":[{"href":"https:\/\/heimatfreunde-welschbillig.de\/index.php?rest_route=\/wp\/v2\/pages\/1733"}],"collection":[{"href":"https:\/\/heimatfreunde-welschbillig.de\/index.php?rest_route=\/wp\/v2\/pages"}],"about":[{"href":"https:\/\/heimatfreunde-welschbillig.de\/index.php?rest_route=\/wp\/v2\/types\/page"}],"author":[{"embeddable":true,"href":"https:\/\/heimatfreunde-welschbillig.de\/index.php?rest_route=\/wp\/v2\/users\/2"}],"replies":[{"embeddable":true,"href":"https:\/\/heimatfreunde-welschbillig.de\/index.php?rest_route=%2Fwp%2Fv2%2Fcomments&post=1733"}],"version-history":[{"count":3,"href":"https:\/\/heimatfreunde-welschbillig.de\/index.php?rest_route=\/wp\/v2\/pages\/1733\/revisions"}],"predecessor-version":[{"id":2647,"href":"https:\/\/heimatfreunde-welschbillig.de\/index.php?rest_route=\/wp\/v2\/pages\/1733\/revisions\/2647"}],"wp:attachment":[{"href":"https:\/\/heimatfreunde-welschbillig.de\/index.php?rest_route=%2Fwp%2Fv2%2Fmedia&parent=1733"}],"curies":[{"name":"wp","href":"https:\/\/api.w.org\/{rel}","templated":true}]}}